{"id":4998,"date":"2023-05-02T01:58:24","date_gmt":"2023-05-02T01:58:24","guid":{"rendered":"https:\/\/offshorepanama.com\/?post_type=product&#038;p=4998"},"modified":"2023-05-02T02:08:34","modified_gmt":"2023-05-02T02:08:34","slug":"bvi-declaracion-de-fideicomiso-tarifa-unica-seleccione-solo-una-vez-si-elige-accionista-nomino-opcional","status":"publish","type":"product","link":"https:\/\/offshorepanama.com\/es\/producto\/bvi-declaracion-de-fideicomiso-tarifa-unica-seleccione-solo-una-vez-si-elige-accionista-nomino-opcional\/","title":{"rendered":"BVI Declaraci\u00f3n de fideicomiso (tarifa \u00fanica: seleccione solo una vez si elige accionista n\u00f3mino) (opcional)"},"content":{"rendered":"","protected":false},"excerpt":{"rendered":"","protected":false},"featured_media":5001,"template":"","meta":[],"product_brand":[],"product_cat":[93],"product_tag":[],"class_list":{"0":"post-4998","1":"product","2":"type-product","3":"status-publish","4":"has-post-thumbnail","6":"product_cat-empresas","8":"first","9":"instock","10":"virtual","11":"purchasable","12":"product-type-simple"},"_links":{"self":[{"href":"https:\/\/offshorepanama.com\/es\/wp-json\/wp\/v2\/product\/4998","targetHints":{"allow":["GET"]}}],"collection":[{"href":"https:\/\/offshorepanama.com\/es\/wp-json\/wp\/v2\/product"}],"about":[{"href":"https:\/\/offshorepanama.com\/es\/wp-json\/wp\/v2\/types\/product"}],"wp:featuredmedia":[{"embeddable":true,"href":"https:\/\/offshorepanama.com\/es\/wp-json\/wp\/v2\/media\/5001"}],"wp:attachment":[{"href":"https:\/\/offshorepanama.com\/es\/wp-json\/wp\/v2\/media?parent=4998"}],"wp:term":[{"taxonomy":"product_brand","embeddable":true,"href":"https:\/\/offshorepanama.com\/es\/wp-json\/wp\/v2\/product_brand?post=4998"},{"taxonomy":"product_cat","embeddable":true,"href":"https:\/\/offshorepanama.com\/es\/wp-json\/wp\/v2\/product_cat?post=4998"},{"taxonomy":"product_tag","embeddable":true,"href":"https:\/\/offshorepanama.com\/es\/wp-json\/wp\/v2\/product_tag?post=4998"}],"curies":[{"name":"wp","href":"https:\/\/api.w.org\/{rel}","templated":true}]}}