{"id":4815,"date":"2023-05-01T18:39:07","date_gmt":"2023-05-01T18:39:07","guid":{"rendered":"https:\/\/offshorepanama.com\/?post_type=product&#038;p=4815"},"modified":"2023-05-01T18:45:08","modified_gmt":"2023-05-01T18:45:08","slug":"belice-declaracion-de-fideicomiso-tarifa-unica-seleccione-solo-una-vez-si-elige-accionista-nomino-opcional","status":"publish","type":"product","link":"https:\/\/offshorepanama.com\/es\/producto\/belice-declaracion-de-fideicomiso-tarifa-unica-seleccione-solo-una-vez-si-elige-accionista-nomino-opcional\/","title":{"rendered":"Belice Declaraci\u00f3n de fideicomiso (tarifa \u00fanica: seleccione solo una vez si elige accionista n\u00f3mino) (opcional)"},"content":{"rendered":"","protected":false},"excerpt":{"rendered":"","protected":false},"featured_media":4818,"template":"","meta":[],"product_brand":[],"product_cat":[93],"product_tag":[],"class_list":{"0":"post-4815","1":"product","2":"type-product","3":"status-publish","4":"has-post-thumbnail","6":"product_cat-empresas","8":"first","9":"instock","10":"virtual","11":"purchasable","12":"product-type-simple"},"_links":{"self":[{"href":"https:\/\/offshorepanama.com\/es\/wp-json\/wp\/v2\/product\/4815","targetHints":{"allow":["GET"]}}],"collection":[{"href":"https:\/\/offshorepanama.com\/es\/wp-json\/wp\/v2\/product"}],"about":[{"href":"https:\/\/offshorepanama.com\/es\/wp-json\/wp\/v2\/types\/product"}],"wp:featuredmedia":[{"embeddable":true,"href":"https:\/\/offshorepanama.com\/es\/wp-json\/wp\/v2\/media\/4818"}],"wp:attachment":[{"href":"https:\/\/offshorepanama.com\/es\/wp-json\/wp\/v2\/media?parent=4815"}],"wp:term":[{"taxonomy":"product_brand","embeddable":true,"href":"https:\/\/offshorepanama.com\/es\/wp-json\/wp\/v2\/product_brand?post=4815"},{"taxonomy":"product_cat","embeddable":true,"href":"https:\/\/offshorepanama.com\/es\/wp-json\/wp\/v2\/product_cat?post=4815"},{"taxonomy":"product_tag","embeddable":true,"href":"https:\/\/offshorepanama.com\/es\/wp-json\/wp\/v2\/product_tag?post=4815"}],"curies":[{"name":"wp","href":"https:\/\/api.w.org\/{rel}","templated":true}]}}