{"id":4036,"date":"2023-02-12T00:25:55","date_gmt":"2023-02-12T00:25:55","guid":{"rendered":"https:\/\/offshorepanama.com\/?post_type=product&#038;p=4036"},"modified":"2023-02-12T00:53:40","modified_gmt":"2023-02-12T00:53:40","slug":"declaracion-de-fideicomiso","status":"publish","type":"product","link":"https:\/\/offshorepanama.com\/es\/producto\/declaracion-de-fideicomiso\/","title":{"rendered":"*Declaraci\u00f3n de fideicomiso (tarifa \u00fanica: seleccione solo una vez si elige accionista n\u00f3mino)"},"content":{"rendered":"","protected":false},"excerpt":{"rendered":"","protected":false},"featured_media":4039,"template":"","meta":[],"product_brand":[],"product_cat":[98],"product_tag":[],"class_list":{"0":"post-4036","1":"product","2":"type-product","3":"status-publish","4":"has-post-thumbnail","6":"product_cat-accionista","8":"first","9":"instock","10":"shipping-taxable","11":"purchasable","12":"product-type-simple"},"_links":{"self":[{"href":"https:\/\/offshorepanama.com\/es\/wp-json\/wp\/v2\/product\/4036","targetHints":{"allow":["GET"]}}],"collection":[{"href":"https:\/\/offshorepanama.com\/es\/wp-json\/wp\/v2\/product"}],"about":[{"href":"https:\/\/offshorepanama.com\/es\/wp-json\/wp\/v2\/types\/product"}],"wp:featuredmedia":[{"embeddable":true,"href":"https:\/\/offshorepanama.com\/es\/wp-json\/wp\/v2\/media\/4039"}],"wp:attachment":[{"href":"https:\/\/offshorepanama.com\/es\/wp-json\/wp\/v2\/media?parent=4036"}],"wp:term":[{"taxonomy":"product_brand","embeddable":true,"href":"https:\/\/offshorepanama.com\/es\/wp-json\/wp\/v2\/product_brand?post=4036"},{"taxonomy":"product_cat","embeddable":true,"href":"https:\/\/offshorepanama.com\/es\/wp-json\/wp\/v2\/product_cat?post=4036"},{"taxonomy":"product_tag","embeddable":true,"href":"https:\/\/offshorepanama.com\/es\/wp-json\/wp\/v2\/product_tag?post=4036"}],"curies":[{"name":"wp","href":"https:\/\/api.w.org\/{rel}","templated":true}]}}