{"id":3992,"date":"2022-11-11T01:54:14","date_gmt":"2022-11-11T01:54:14","guid":{"rendered":"https:\/\/offshorepanama.com\/product\/nevis-incorporation\/"},"modified":"2023-01-29T17:08:19","modified_gmt":"2023-01-29T17:08:19","slug":"constitucion-empresa-nevis","status":"publish","type":"product","link":"https:\/\/offshorepanama.com\/es\/producto\/constitucion-empresa-nevis\/","title":{"rendered":"Constituci\u00f3n Empresa Nevis"},"content":{"rendered":"<p>La incorporaci\u00f3n de Nevis es una de las mejores opciones de incorporaci\u00f3n extraterritoriales disponibles en la actualidad porque tiene tasas impositivas bajas y un sistema bancario estable.<\/p>\n","protected":false},"excerpt":{"rendered":"<p>La incorporaci\u00f3n de Nevis es una de las mejores opciones de incorporaci\u00f3n extraterritoriales disponibles en la actualidad porque tiene tasas impositivas bajas y un sistema bancario estable.<\/p>\n","protected":false},"featured_media":3987,"template":"","meta":[],"product_brand":[],"product_cat":[93],"product_tag":[],"class_list":{"0":"post-3992","1":"product","2":"type-product","3":"status-publish","4":"has-post-thumbnail","6":"product_cat-empresas","8":"first","9":"instock","10":"shipping-taxable","11":"purchasable","12":"product-type-simple"},"_links":{"self":[{"href":"https:\/\/offshorepanama.com\/es\/wp-json\/wp\/v2\/product\/3992","targetHints":{"allow":["GET"]}}],"collection":[{"href":"https:\/\/offshorepanama.com\/es\/wp-json\/wp\/v2\/product"}],"about":[{"href":"https:\/\/offshorepanama.com\/es\/wp-json\/wp\/v2\/types\/product"}],"wp:featuredmedia":[{"embeddable":true,"href":"https:\/\/offshorepanama.com\/es\/wp-json\/wp\/v2\/media\/3987"}],"wp:attachment":[{"href":"https:\/\/offshorepanama.com\/es\/wp-json\/wp\/v2\/media?parent=3992"}],"wp:term":[{"taxonomy":"product_brand","embeddable":true,"href":"https:\/\/offshorepanama.com\/es\/wp-json\/wp\/v2\/product_brand?post=3992"},{"taxonomy":"product_cat","embeddable":true,"href":"https:\/\/offshorepanama.com\/es\/wp-json\/wp\/v2\/product_cat?post=3992"},{"taxonomy":"product_tag","embeddable":true,"href":"https:\/\/offshorepanama.com\/es\/wp-json\/wp\/v2\/product_tag?post=3992"}],"curies":[{"name":"wp","href":"https:\/\/api.w.org\/{rel}","templated":true}]}}