{"id":3523,"date":"2022-11-13T01:31:09","date_gmt":"2022-11-13T06:31:09","guid":{"rendered":"https:\/\/offshorepanama.com\/product\/panama-foundation-formation\/"},"modified":"2025-11-12T10:42:04","modified_gmt":"2025-11-12T15:42:04","slug":"panama-foundation-formation-selected-by-default","status":"publish","type":"product","link":"https:\/\/offshorepanama.com\/es\/producto\/panama-foundation-formation-selected-by-default\/","title":{"rendered":"Formaci\u00f3n de Fundaci\u00f3n en Panam\u00e1 (por defecto)"},"content":{"rendered":"","protected":false},"excerpt":{"rendered":"","protected":false},"featured_media":5541,"template":"","meta":[],"product_brand":[],"product_cat":[94],"product_tag":[],"class_list":{"0":"post-3523","1":"product","2":"type-product","3":"status-publish","4":"has-post-thumbnail","6":"product_cat-fundaciones","8":"first","9":"instock","10":"shipping-taxable","11":"purchasable","12":"product-type-simple"},"_links":{"self":[{"href":"https:\/\/offshorepanama.com\/es\/wp-json\/wp\/v2\/product\/3523","targetHints":{"allow":["GET"]}}],"collection":[{"href":"https:\/\/offshorepanama.com\/es\/wp-json\/wp\/v2\/product"}],"about":[{"href":"https:\/\/offshorepanama.com\/es\/wp-json\/wp\/v2\/types\/product"}],"wp:featuredmedia":[{"embeddable":true,"href":"https:\/\/offshorepanama.com\/es\/wp-json\/wp\/v2\/media\/5541"}],"wp:attachment":[{"href":"https:\/\/offshorepanama.com\/es\/wp-json\/wp\/v2\/media?parent=3523"}],"wp:term":[{"taxonomy":"product_brand","embeddable":true,"href":"https:\/\/offshorepanama.com\/es\/wp-json\/wp\/v2\/product_brand?post=3523"},{"taxonomy":"product_cat","embeddable":true,"href":"https:\/\/offshorepanama.com\/es\/wp-json\/wp\/v2\/product_cat?post=3523"},{"taxonomy":"product_tag","embeddable":true,"href":"https:\/\/offshorepanama.com\/es\/wp-json\/wp\/v2\/product_tag?post=3523"}],"curies":[{"name":"wp","href":"https:\/\/api.w.org\/{rel}","templated":true}]}}