{"id":3380,"date":"2022-10-26T07:24:53","date_gmt":"2022-10-26T12:24:53","guid":{"rendered":"https:\/\/offshorepanama.com\/atencion-al-cliente-privado\/succession-estate-planning\/"},"modified":"2024-07-23T09:48:33","modified_gmt":"2024-07-23T14:48:33","slug":"sucesion-y-planificacion-patrimonial","status":"publish","type":"page","link":"https:\/\/offshorepanama.com\/es\/atencion-al-cliente-privado\/sucesion-y-planificacion-patrimonial\/","title":{"rendered":"Sucesi\u00f3n y Planificaci\u00f3n Patrimonial"},"content":{"rendered":"\t\t<div data-elementor-type=\"wp-page\" data-elementor-id=\"3380\" class=\"elementor elementor-3380 elementor-1602\">\n\t\t\t\t\t\t\t\t\t<section class=\"elementor-section elementor-top-section elementor-element elementor-element-f43ff43 elementor-hidden-desktop elementor-section-boxed elementor-section-height-default elementor-section-height-default row-top\" data-id=\"f43ff43\" data-element_type=\"section\" data-settings=\"{&quot;background_background&quot;:&quot;classic&quot;}\">\n\t\t\t\t\t\t<div class=\"elementor-container elementor-column-gap-default\">\n\t\t\t\t\t<div class=\"elementor-column elementor-col-33 elementor-top-column elementor-element elementor-element-8922c20\" data-id=\"8922c20\" data-element_type=\"column\">\n\t\t\t<div class=\"elementor-widget-wrap\">\n\t\t\t\t\t\t\t\t\t<\/div>\n\t\t<\/div>\n\t\t\t\t<div class=\"elementor-column elementor-col-33 elementor-top-column elementor-element elementor-element-a57c1fb\" data-id=\"a57c1fb\" data-element_type=\"column\">\n\t\t\t<div class=\"elementor-widget-wrap elementor-element-populated\">\n\t\t\t\t\t\t\t\t<div class=\"elementor-element elementor-element-2132241 elementor-hidden-desktop elementor-widget elementor-widget-sidebar\" data-id=\"2132241\" data-element_type=\"widget\" data-widget_type=\"sidebar.default\">\n\t\t\t\t<div class=\"elementor-widget-container\">\n\t\t\t<a href=\"https:\/\/offshorepanama.com\/es\/ordenar-empresa\/\"><img decoding=\"async\" width=\"148\" height=\"51\" src=\"https:\/\/offshorepanama.com\/wp-content\/uploads\/2020\/12\/button-corporate-web.png\" class=\"image wp-image-3212  attachment-full size-full\" alt=\"\" style=\"max-width: 100%; height: auto;\" \/><\/a>\t\t<\/div>\n\t\t\t\t<\/div>\n\t\t\t\t\t<\/div>\n\t\t<\/div>\n\t\t\t\t<div class=\"elementor-column elementor-col-33 elementor-top-column elementor-element elementor-element-eb3624d\" data-id=\"eb3624d\" data-element_type=\"column\">\n\t\t\t<div class=\"elementor-widget-wrap\">\n\t\t\t\t\t\t\t\t\t<\/div>\n\t\t<\/div>\n\t\t\t\t\t\t\t<\/div>\n\t\t<\/section>\n\t\t\t\t<section class=\"elementor-section elementor-top-section elementor-element elementor-element-2ad664a elementor-section-boxed elementor-section-height-default elementor-section-height-default row-top\" data-id=\"2ad664a\" data-element_type=\"section\">\n\t\t\t\t\t\t<div class=\"elementor-container elementor-column-gap-default\">\n\t\t\t\t\t<div class=\"elementor-column elementor-col-50 elementor-top-column elementor-element elementor-element-072ee33 order-xl-1 order-lg-1 order-md-1 order-2 column-style-top\" data-id=\"072ee33\" data-element_type=\"column\">\n\t\t\t<div class=\"elementor-widget-wrap elementor-element-populated\">\n\t\t\t\t\t\t\t\t<div class=\"elementor-element elementor-element-f3459fb elementor-widget elementor-widget-gva-image-content\" data-id=\"f3459fb\" data-element_type=\"widget\" data-widget_type=\"gva-image-content.default\">\n\t\t\t\t<div class=\"elementor-widget-container\">\n\t\t\t<div class=\"gva-element-gva-image-content gva-element\">\t\t\r\n\t  \r\n\t \r\n\t \r\n\r\n\t\r\n \r\n\r\n  \r\n\r\n  <div class=\"gsc-image-content skin-v6\">\r\n\t <div class=\"box-content\">\r\n\t \t<div class=\"content-inner\">\r\n\t\t\t\t\t\t\t<h2 class=\"title\">\r\n\t\t\t\t\t\t\t  <a href=\"https:\/\/offshorepanama.com\/es\/mas\/\">\r\n\t\t\t \u00bfNecesita ayuda?\t\t  <\/a>\r\n\t\t  \t\t\t\t<\/h2>\r\n\t\t\t\t\t\t<div class=\"desc\">Contacte a la oficina corporativa y lo conectaremos con un miembro del equipo que pueda ayudarlo.<\/div>\r\n\t\t\t\t\t\t  <div class=\"read-more\">\r\n\t\t\t\t \t\t  <a href=\"https:\/\/offshorepanama.com\/es\/mas\/\" class=\"btn-white\">\r\n\t\t\t <span>CONT\u00c1CTENOS<\/span>\t\t  <\/a>\r\n\t\t  \t\t\t  <\/div>\r\n\t\t\t\t\t<\/div>\r\n\t\t\t\t\t<span class=\"bg-image\" style=\"background-image:url('https:\/\/offshorepanama.com\/wp-content\/plugins\/kitecx-themer\/elementor\/assets\/images\/image-1.jpg')\"><\/span>\r\n\t\t\t <\/div>  \r\n  <\/div>\r\n \r\n\r\n <\/div>\t\t<\/div>\n\t\t\t\t<\/div>\n\t\t\t\t\t<\/div>\n\t\t<\/div>\n\t\t\t\t<div class=\"elementor-column elementor-col-50 elementor-top-column elementor-element elementor-element-9d610cd order-xl-2 order-lg-2 order-md-2 order-1 column-style-top\" data-id=\"9d610cd\" data-element_type=\"column\">\n\t\t\t<div class=\"elementor-widget-wrap\">\n\t\t\t\t\t\t\t\t\t<\/div>\n\t\t<\/div>\n\t\t\t\t\t\t\t<\/div>\n\t\t<\/section>\n\t\t\t\t<section class=\"elementor-section elementor-top-section elementor-element elementor-element-d63c483 elementor-section-boxed elementor-section-height-default elementor-section-height-default row-top\" data-id=\"d63c483\" data-element_type=\"section\">\n\t\t\t\t\t\t<div class=\"elementor-container elementor-column-gap-default\">\n\t\t\t\t\t<div class=\"elementor-column elementor-col-100 elementor-top-column elementor-element elementor-element-e1e8c6f order-xl-2 order-lg-2 order-md-2 order-1 column-style-top\" data-id=\"e1e8c6f\" data-element_type=\"column\">\n\t\t\t<div class=\"elementor-widget-wrap elementor-element-populated\">\n\t\t\t\t\t\t\t\t<div class=\"elementor-element elementor-element-e08633a elementor-widget elementor-widget-gva-heading-block\" data-id=\"e08633a\" data-element_type=\"widget\" data-widget_type=\"gva-heading-block.default\">\n\t\t\t\t<div class=\"elementor-widget-container\">\n\t\t\t<div class=\"gva-element-gva-heading-block gva-element\">   <div class=\"align-left style-1 widget gsc-heading box-align-left auto-responsive\">\r\n      <div class=\"content-inner\">\r\n         \r\n                  \r\n           \r\n         \r\n                     <h2 class=\"title\">\r\n               <span>Sucesi\u00f3n y planificaci\u00f3n patrimonial<\/span>\r\n            <\/h2>\r\n                  \r\n         \r\n      <\/div>\r\n   <\/div>\r\n<\/div>\t\t<\/div>\n\t\t\t\t<\/div>\n\t\t\t\t\t<\/div>\n\t\t<\/div>\n\t\t\t\t\t\t\t<\/div>\n\t\t<\/section>\n\t\t\t\t<section class=\"elementor-section elementor-top-section elementor-element elementor-element-0e40b01 elementor-section-boxed elementor-section-height-default elementor-section-height-default row-top\" data-id=\"0e40b01\" data-element_type=\"section\">\n\t\t\t\t\t\t<div class=\"elementor-container elementor-column-gap-default\">\n\t\t\t\t\t<div class=\"elementor-column elementor-col-100 elementor-top-column elementor-element elementor-element-8ff3ccc order-xl-2 order-lg-2 order-md-2 order-1 column-style-top\" data-id=\"8ff3ccc\" data-element_type=\"column\">\n\t\t\t<div class=\"elementor-widget-wrap elementor-element-populated\">\n\t\t\t\t\t\t\t\t<div class=\"elementor-element elementor-element-d0c304a elementor-widget elementor-widget-text-editor\" data-id=\"d0c304a\" data-element_type=\"widget\" data-widget_type=\"text-editor.default\">\n\t\t\t\t<div class=\"elementor-widget-container\">\n\t\t\t<style>\/*! elementor - v3.15.0 - 20-08-2023 *\/\n.elementor-widget-text-editor.elementor-drop-cap-view-stacked .elementor-drop-cap{background-color:#69727d;color:#fff}.elementor-widget-text-editor.elementor-drop-cap-view-framed .elementor-drop-cap{color:#69727d;border:3px solid;background-color:transparent}.elementor-widget-text-editor:not(.elementor-drop-cap-view-default) .elementor-drop-cap{margin-top:8px}.elementor-widget-text-editor:not(.elementor-drop-cap-view-default) .elementor-drop-cap-letter{width:1em;height:1em}.elementor-widget-text-editor .elementor-drop-cap{float:left;text-align:center;line-height:1;font-size:50px}.elementor-widget-text-editor .elementor-drop-cap-letter{display:inline-block}<\/style>\t\t\t\t<p>Offshore Management Corporate Services act\u00faa para individuos y familias que buscan asesores en materia de sucesi\u00f3n. Proveemos los siguientes servicios:<\/p>\t\t\t\t\t\t<\/div>\n\t\t\t\t<\/div>\n\t\t\t\t<div class=\"elementor-element elementor-element-1782869 elementor-widget elementor-widget-text-editor\" data-id=\"1782869\" data-element_type=\"widget\" data-widget_type=\"text-editor.default\">\n\t\t\t\t<div class=\"elementor-widget-container\">\n\t\t\t\t\t\t\t<ul><li>Asesoramiento completo en la planificaci\u00f3n de la sucesi\u00f3n<\/li><li>Elaboraci\u00f3n de estructuras destinadas a la gesti\u00f3n del patrimonio familiar, que permitan su conservaci\u00f3n en el tiempo.<\/li><li>Servicios corporativos integrales en materia de creaci\u00f3n y mantenimiento de sociedades, fundaciones, fideicomisos, fondos de inversi\u00f3n y otros veh\u00edculos.<\/li><li>Aspectos fiscales<\/li><li>Experiencia jur\u00eddica<\/li><\/ul>\t\t\t\t\t\t<\/div>\n\t\t\t\t<\/div>\n\t\t\t\t<div class=\"elementor-element elementor-element-5e4acd3 elementor-widget elementor-widget-text-editor\" data-id=\"5e4acd3\" data-element_type=\"widget\" data-widget_type=\"text-editor.default\">\n\t\t\t\t<div class=\"elementor-widget-container\">\n\t\t\t\t\t\t\t<p>Para m\u00e1s informaci\u00f3n sobre nuestros servicios, por favor <a href=\"https:\/\/offshorepanama.com\/es\/mas\/\"><strong>cont\u00e1ctenos.<\/strong><\/a><\/p>\t\t\t\t\t\t<\/div>\n\t\t\t\t<\/div>\n\t\t\t\t\t<\/div>\n\t\t<\/div>\n\t\t\t\t\t\t\t<\/div>\n\t\t<\/section>\n\t\t\t\t<section class=\"elementor-section elementor-top-section elementor-element elementor-element-f1b1606 elementor-section-boxed elementor-section-height-default elementor-section-height-default row-top\" data-id=\"f1b1606\" data-element_type=\"section\">\n\t\t\t\t\t\t<div class=\"elementor-container elementor-column-gap-default\">\n\t\t\t\t\t<div class=\"elementor-column elementor-col-100 elementor-top-column elementor-element elementor-element-2b17084 column-style-top\" data-id=\"2b17084\" data-element_type=\"column\">\n\t\t\t<div class=\"elementor-widget-wrap elementor-element-populated\">\n\t\t\t\t\t\t\t\t<div class=\"elementor-element elementor-element-44e048d elementor-widget elementor-widget-text-editor\" data-id=\"44e048d\" data-element_type=\"widget\" data-widget_type=\"text-editor.default\">\n\t\t\t\t<div class=\"elementor-widget-container\">\n\t\t\t\t\t\t\t<p>Ver Tambi\u00e9n&#8230;<\/p>\t\t\t\t\t\t<\/div>\n\t\t\t\t<\/div>\n\t\t\t\t<div class=\"elementor-element elementor-element-0b1a95a elementor-widget-divider--view-line elementor-widget elementor-widget-divider\" data-id=\"0b1a95a\" data-element_type=\"widget\" data-widget_type=\"divider.default\">\n\t\t\t\t<div class=\"elementor-widget-container\">\n\t\t\t<style>\/*! elementor - v3.15.0 - 20-08-2023 *\/\n.elementor-widget-divider{--divider-border-style:none;--divider-border-width:1px;--divider-color:#0c0d0e;--divider-icon-size:20px;--divider-element-spacing:10px;--divider-pattern-height:24px;--divider-pattern-size:20px;--divider-pattern-url:none;--divider-pattern-repeat:repeat-x}.elementor-widget-divider .elementor-divider{display:flex}.elementor-widget-divider .elementor-divider__text{font-size:15px;line-height:1;max-width:95%}.elementor-widget-divider .elementor-divider__element{margin:0 var(--divider-element-spacing);flex-shrink:0}.elementor-widget-divider .elementor-icon{font-size:var(--divider-icon-size)}.elementor-widget-divider .elementor-divider-separator{display:flex;margin:0;direction:ltr}.elementor-widget-divider--view-line_icon .elementor-divider-separator,.elementor-widget-divider--view-line_text .elementor-divider-separator{align-items:center}.elementor-widget-divider--view-line_icon .elementor-divider-separator:after,.elementor-widget-divider--view-line_icon .elementor-divider-separator:before,.elementor-widget-divider--view-line_text .elementor-divider-separator:after,.elementor-widget-divider--view-line_text .elementor-divider-separator:before{display:block;content:\"\";border-bottom:0;flex-grow:1;border-top:var(--divider-border-width) var(--divider-border-style) var(--divider-color)}.elementor-widget-divider--element-align-left .elementor-divider .elementor-divider-separator>.elementor-divider__svg:first-of-type{flex-grow:0;flex-shrink:100}.elementor-widget-divider--element-align-left .elementor-divider-separator:before{content:none}.elementor-widget-divider--element-align-left .elementor-divider__element{margin-left:0}.elementor-widget-divider--element-align-right .elementor-divider .elementor-divider-separator>.elementor-divider__svg:last-of-type{flex-grow:0;flex-shrink:100}.elementor-widget-divider--element-align-right .elementor-divider-separator:after{content:none}.elementor-widget-divider--element-align-right .elementor-divider__element{margin-right:0}.elementor-widget-divider:not(.elementor-widget-divider--view-line_text):not(.elementor-widget-divider--view-line_icon) .elementor-divider-separator{border-top:var(--divider-border-width) var(--divider-border-style) var(--divider-color)}.elementor-widget-divider--separator-type-pattern{--divider-border-style:none}.elementor-widget-divider--separator-type-pattern.elementor-widget-divider--view-line .elementor-divider-separator,.elementor-widget-divider--separator-type-pattern:not(.elementor-widget-divider--view-line) .elementor-divider-separator:after,.elementor-widget-divider--separator-type-pattern:not(.elementor-widget-divider--view-line) .elementor-divider-separator:before,.elementor-widget-divider--separator-type-pattern:not([class*=elementor-widget-divider--view]) .elementor-divider-separator{width:100%;min-height:var(--divider-pattern-height);-webkit-mask-size:var(--divider-pattern-size) 100%;mask-size:var(--divider-pattern-size) 100%;-webkit-mask-repeat:var(--divider-pattern-repeat);mask-repeat:var(--divider-pattern-repeat);background-color:var(--divider-color);-webkit-mask-image:var(--divider-pattern-url);mask-image:var(--divider-pattern-url)}.elementor-widget-divider--no-spacing{--divider-pattern-size:auto}.elementor-widget-divider--bg-round{--divider-pattern-repeat:round}.rtl .elementor-widget-divider .elementor-divider__text{direction:rtl}.e-con-inner>.elementor-widget-divider,.e-con>.elementor-widget-divider{width:var(--container-widget-width,100%);--flex-grow:var(--container-widget-flex-grow)}<\/style>\t\t<div class=\"elementor-divider\">\n\t\t\t<span class=\"elementor-divider-separator\">\n\t\t\t\t\t\t<\/span>\n\t\t<\/div>\n\t\t\t\t<\/div>\n\t\t\t\t<\/div>\n\t\t\t\t<div class=\"elementor-element elementor-element-0bac285 elementor-icon-list--layout-traditional elementor-list-item-link-full_width elementor-widget elementor-widget-icon-list\" data-id=\"0bac285\" data-element_type=\"widget\" data-widget_type=\"icon-list.default\">\n\t\t\t\t<div class=\"elementor-widget-container\">\n\t\t\t<link rel=\"stylesheet\" href=\"https:\/\/offshorepanama.com\/wp-content\/plugins\/elementor\/assets\/css\/widget-icon-list.min.css\">\t\t<ul class=\"elementor-icon-list-items\">\n\t\t\t\t\t\t\t<li class=\"elementor-icon-list-item\">\n\t\t\t\t\t\t\t\t\t\t\t<a href=\"https:\/\/offshorepanama.com\/es\/registro-de-una-sociedad-o-fundacion\/\">\n\n\t\t\t\t\t\t\t\t\t\t\t\t<span class=\"elementor-icon-list-icon\">\n\t\t\t\t\t\t\t<i aria-hidden=\"true\" class=\"fas fa-dot-circle\"><\/i>\t\t\t\t\t\t<\/span>\n\t\t\t\t\t\t\t\t\t\t<span class=\"elementor-icon-list-text\">Atenci\u00f3n al Cliente Privado<\/span>\n\t\t\t\t\t\t\t\t\t\t\t<\/a>\n\t\t\t\t\t\t\t\t\t<\/li>\n\t\t\t\t\t\t<\/ul>\n\t\t\t\t<\/div>\n\t\t\t\t<\/div>\n\t\t\t\t<div class=\"elementor-element elementor-element-50b266a elementor-icon-list--layout-traditional elementor-list-item-link-full_width elementor-widget elementor-widget-icon-list\" data-id=\"50b266a\" data-element_type=\"widget\" data-widget_type=\"icon-list.default\">\n\t\t\t\t<div class=\"elementor-widget-container\">\n\t\t\t\t\t<ul class=\"elementor-icon-list-items\">\n\t\t\t\t\t\t\t<li class=\"elementor-icon-list-item\">\n\t\t\t\t\t\t\t\t\t\t\t<a href=\"https:\/\/offshorepanama.com\/es\/atencion-al-cliente-privado\/servicios-legales\/\">\n\n\t\t\t\t\t\t\t\t\t\t\t\t<span class=\"elementor-icon-list-icon\">\n\t\t\t\t\t\t\t<i aria-hidden=\"true\" class=\"fas fa-dot-circle\"><\/i>\t\t\t\t\t\t<\/span>\n\t\t\t\t\t\t\t\t\t\t<span class=\"elementor-icon-list-text\">Servicios Legales<\/span>\n\t\t\t\t\t\t\t\t\t\t\t<\/a>\n\t\t\t\t\t\t\t\t\t<\/li>\n\t\t\t\t\t\t\t\t<li class=\"elementor-icon-list-item\">\n\t\t\t\t\t\t\t\t\t\t\t<a href=\"https:\/\/offshorepanama.com\/es\/atencion-al-cliente-privado\/inmigracion\/\">\n\n\t\t\t\t\t\t\t\t\t\t\t\t<span class=\"elementor-icon-list-icon\">\n\t\t\t\t\t\t\t<i aria-hidden=\"true\" class=\"fas fa-dot-circle\"><\/i>\t\t\t\t\t\t<\/span>\n\t\t\t\t\t\t\t\t\t\t<span class=\"elementor-icon-list-text\">Inmigraci\u00f3n<\/span>\n\t\t\t\t\t\t\t\t\t\t\t<\/a>\n\t\t\t\t\t\t\t\t\t<\/li>\n\t\t\t\t\t\t<\/ul>\n\t\t\t\t<\/div>\n\t\t\t\t<\/div>\n\t\t\t\t\t<\/div>\n\t\t<\/div>\n\t\t\t\t\t\t\t<\/div>\n\t\t<\/section>\n\t\t\t\t\t\t\t<\/div>\n\t\t","protected":false},"excerpt":{"rendered":"<p>\u00bfNecesita ayuda? Contacte a la oficina corporativa y lo conectaremos con un miembro del equipo que pueda ayudarlo. CONT\u00c1CTENOS Sucesi\u00f3n y planificaci\u00f3n patrimonial Offshore Management Corporate Services act\u00faa para individuos y familias que buscan asesores en materia de sucesi\u00f3n. Proveemos los siguientes servicios: Asesoramiento completo en la planificaci\u00f3n de la sucesi\u00f3n Elaboraci\u00f3n de estructuras destinadas [&hellip;]<\/p>\n","protected":false},"author":2,"featured_media":0,"parent":3365,"menu_order":24,"comment_status":"closed","ping_status":"closed","template":"","meta":{"footnotes":""},"class_list":["post-3380","page","type-page","status-publish","hentry"],"_links":{"self":[{"href":"https:\/\/offshorepanama.com\/es\/wp-json\/wp\/v2\/pages\/3380","targetHints":{"allow":["GET"]}}],"collection":[{"href":"https:\/\/offshorepanama.com\/es\/wp-json\/wp\/v2\/pages"}],"about":[{"href":"https:\/\/offshorepanama.com\/es\/wp-json\/wp\/v2\/types\/page"}],"author":[{"embeddable":true,"href":"https:\/\/offshorepanama.com\/es\/wp-json\/wp\/v2\/users\/2"}],"replies":[{"embeddable":true,"href":"https:\/\/offshorepanama.com\/es\/wp-json\/wp\/v2\/comments?post=3380"}],"version-history":[{"count":20,"href":"https:\/\/offshorepanama.com\/es\/wp-json\/wp\/v2\/pages\/3380\/revisions"}],"predecessor-version":[{"id":5429,"href":"https:\/\/offshorepanama.com\/es\/wp-json\/wp\/v2\/pages\/3380\/revisions\/5429"}],"up":[{"embeddable":true,"href":"https:\/\/offshorepanama.com\/es\/wp-json\/wp\/v2\/pages\/3365"}],"wp:attachment":[{"href":"https:\/\/offshorepanama.com\/es\/wp-json\/wp\/v2\/media?parent=3380"}],"curies":[{"name":"wp","href":"https:\/\/api.w.org\/{rel}","templated":true}]}}