{"id":3365,"date":"2022-10-26T05:44:42","date_gmt":"2022-10-26T05:44:42","guid":{"rendered":"https:\/\/offshorepanama.com\/private-client-services\/"},"modified":"2023-03-18T07:11:08","modified_gmt":"2023-03-18T07:11:08","slug":"atencion-al-cliente-privado","status":"publish","type":"page","link":"https:\/\/offshorepanama.com\/es\/atencion-al-cliente-privado\/","title":{"rendered":"Atenci\u00f3n al Cliente Privado"},"content":{"rendered":"\t\t<div data-elementor-type=\"wp-page\" data-elementor-id=\"3365\" class=\"elementor elementor-3365 elementor-1518\">\n\t\t\t\t\t\t\t\t\t<section class=\"elementor-section elementor-top-section elementor-element elementor-element-561e522 elementor-hidden-desktop elementor-section-boxed elementor-section-height-default elementor-section-height-default row-top\" data-id=\"561e522\" data-element_type=\"section\" data-settings=\"{&quot;background_background&quot;:&quot;classic&quot;}\">\n\t\t\t\t\t\t<div class=\"elementor-container elementor-column-gap-default\">\n\t\t\t\t\t<div class=\"elementor-column elementor-col-33 elementor-top-column elementor-element elementor-element-9ca5d36\" data-id=\"9ca5d36\" data-element_type=\"column\">\n\t\t\t<div class=\"elementor-widget-wrap\">\n\t\t\t\t\t\t\t\t\t<\/div>\n\t\t<\/div>\n\t\t\t\t<div class=\"elementor-column elementor-col-33 elementor-top-column elementor-element elementor-element-8f48148\" data-id=\"8f48148\" data-element_type=\"column\">\n\t\t\t<div class=\"elementor-widget-wrap elementor-element-populated\">\n\t\t\t\t\t\t\t\t<div class=\"elementor-element elementor-element-5d664a9 elementor-hidden-desktop elementor-widget elementor-widget-sidebar\" data-id=\"5d664a9\" data-element_type=\"widget\" data-widget_type=\"sidebar.default\">\n\t\t\t\t<div class=\"elementor-widget-container\">\n\t\t\t<a href=\"https:\/\/offshorepanama.com\/es\/ordenar-empresa\/\"><img decoding=\"async\" width=\"148\" height=\"51\" src=\"https:\/\/offshorepanama.com\/wp-content\/uploads\/2020\/12\/button-corporate-web.png\" class=\"image wp-image-3212  attachment-full size-full\" alt=\"\" style=\"max-width: 100%; height: auto;\" \/><\/a>\t\t<\/div>\n\t\t\t\t<\/div>\n\t\t\t\t\t<\/div>\n\t\t<\/div>\n\t\t\t\t<div class=\"elementor-column elementor-col-33 elementor-top-column elementor-element elementor-element-2e6ccff\" data-id=\"2e6ccff\" data-element_type=\"column\">\n\t\t\t<div class=\"elementor-widget-wrap\">\n\t\t\t\t\t\t\t\t\t<\/div>\n\t\t<\/div>\n\t\t\t\t\t\t\t<\/div>\n\t\t<\/section>\n\t\t\t\t<section class=\"elementor-section elementor-top-section elementor-element elementor-element-0b185eb elementor-section-boxed elementor-section-height-default elementor-section-height-default row-top\" data-id=\"0b185eb\" data-element_type=\"section\" data-settings=\"{&quot;background_background&quot;:&quot;classic&quot;}\">\n\t\t\t\t\t\t<div class=\"elementor-container elementor-column-gap-default\">\n\t\t\t\t\t<div class=\"elementor-column elementor-col-100 elementor-top-column elementor-element elementor-element-0619bea column-style-top\" data-id=\"0619bea\" data-element_type=\"column\">\n\t\t\t<div class=\"elementor-widget-wrap elementor-element-populated\">\n\t\t\t\t\t\t\t\t<div class=\"elementor-element elementor-element-7f7e88e elementor-widget elementor-widget-gva-heading-block\" data-id=\"7f7e88e\" data-element_type=\"widget\" data-widget_type=\"gva-heading-block.default\">\n\t\t\t\t<div class=\"elementor-widget-container\">\n\t\t\t<div class=\"gva-element-gva-heading-block gva-element\">   <div class=\"align-left style-1 widget gsc-heading box-align-left auto-responsive\">\r\n      <div class=\"content-inner\">\r\n         \r\n                  \r\n           \r\n         \r\n                     <h2 class=\"title\">\r\n               <span>Servicios para Clientes Privados<\/span>\r\n            <\/h2>\r\n                  \r\n         \r\n      <\/div>\r\n   <\/div>\r\n<\/div>\t\t<\/div>\n\t\t\t\t<\/div>\n\t\t\t\t<div class=\"elementor-element elementor-element-5c872e4 elementor-widget elementor-widget-gva-services-group\" data-id=\"5c872e4\" data-element_type=\"widget\" data-widget_type=\"gva-services-group.default\">\n\t\t\t\t<div class=\"elementor-widget-container\">\n\t\t\t<div class=\"gva-element-gva-services-group gva-element\">\r\n<div class=\"gsc-services-group layout-grid no-gutter\">\r\n   <div class=\"lg-block-grid-3 md-block-grid-3 sm-block-grid-1 xs-block-grid-1 xx-block-grid-1\">\r\n               <div class=\"item-columns\">\r\n            \r\n   <div class=\"service-item style-1\">\r\n      <div class=\"service-item-content\">\r\n\t\t\t\r\n\t\t\t\t\t\t\t<h3 class=\"title\"><span>Servicios Legales<\/span><\/h3>\r\n\t\t\t\r\n\t\t\t\t\t\t\t<div class=\"desc\">En Offshore Management Corporate Services ofrecemos servicios legales vinculados a un amplio espectro de necesidades empresariales.<\/div>\r\n\t\t\t\r\n\t\t\t\t\t\t\t<div class=\"read-more\">\r\n\t\t\t\t\t\t\t  <a href=\"https:\/\/offshorepanama.com\/es\/atencion-al-cliente-privado\/sucesion-y-planificacion-patrimonial\/\" class=\"btn-inline\">\r\n\t\t\t Read more\t\t  <\/a>\r\n\t\t  \t\t\t\t<\/div>\r\n\t\t\t\r\n\t\t\t\t\t\t\t<span class=\"box-icon\">\r\n\t\t\t\t\t<i aria-hidden=\"true\" class=\"icon icon-justice-1\"><\/i>\t\t\t\t<\/span>\r\n\t\t\t\r\n\t\t<\/div>\r\n\t\t<div class=\"service-box-background\"><\/div>\r\n\t\t\t\t  <a href=\"https:\/\/offshorepanama.com\/es\/atencion-al-cliente-privado\/sucesion-y-planificacion-patrimonial\/\" class=\"link-overlay\"><\/a>\r\n\t\t  \t<\/div>\t\t\r\n\t\r\n\r\n\r\n<!-- Style II -->\r\n\t         <\/div>\r\n               <div class=\"item-columns\">\r\n            \r\n   <div class=\"service-item style-1\">\r\n      <div class=\"service-item-content\">\r\n\t\t\t\r\n\t\t\t\t\t\t\t<h3 class=\"title\"><span>Inmigraci\u00f3n<\/span><\/h3>\r\n\t\t\t\r\n\t\t\t\t\t\t\t<div class=\"desc\">Brindamos servicios completos de inmigraci\u00f3n a inversionistas y jubilados en diferentes categor\u00edas<\/div>\r\n\t\t\t\r\n\t\t\t\t\t\t\t<div class=\"read-more\">\r\n\t\t\t\t\t\t\t  <a href=\"https:\/\/offshorepanama.com\/es\/atencion-al-cliente-privado\/inmigracion\/\" class=\"btn-inline\">\r\n\t\t\t Read more\t\t  <\/a>\r\n\t\t  \t\t\t\t<\/div>\r\n\t\t\t\r\n\t\t\t\t\t\t\t<span class=\"box-icon\">\r\n\t\t\t\t\t<i aria-hidden=\"true\" class=\"icon icon-globe\"><\/i>\t\t\t\t<\/span>\r\n\t\t\t\r\n\t\t<\/div>\r\n\t\t<div class=\"service-box-background\"><\/div>\r\n\t\t\t\t  <a href=\"https:\/\/offshorepanama.com\/es\/atencion-al-cliente-privado\/inmigracion\/\" class=\"link-overlay\"><\/a>\r\n\t\t  \t<\/div>\t\t\r\n\t\r\n\r\n\r\n<!-- Style II -->\r\n\t         <\/div>\r\n               <div class=\"item-columns\">\r\n            \r\n   <div class=\"service-item style-1\">\r\n      <div class=\"service-item-content\">\r\n\t\t\t\r\n\t\t\t\t\t\t\t<h3 class=\"title\"><span>Sucesi\u00f3n y Planificaci\u00f3n Patrimonial<\/span><\/h3>\r\n\t\t\t\r\n\t\t\t\t\t\t\t<div class=\"desc\">Elaboraci\u00f3n de estructuras destinadas a la gesti\u00f3n del patrimonio familiar, que permitan su conservaci\u00f3n en el tiempo.<\/div>\r\n\t\t\t\r\n\t\t\t\t\t\t\t<div class=\"read-more\">\r\n\t\t\t\t\t\t\t  <a href=\"https:\/\/offshorepanama.com\/es\/atencion-al-cliente-privado\/sucesion-y-planificacion-patrimonial\/\" class=\"btn-inline\">\r\n\t\t\t Read more\t\t  <\/a>\r\n\t\t  \t\t\t\t<\/div>\r\n\t\t\t\r\n\t\t\t\t\t\t\t<span class=\"box-icon\">\r\n\t\t\t\t\t<i aria-hidden=\"true\" class=\"icon icon-diploma\"><\/i>\t\t\t\t<\/span>\r\n\t\t\t\r\n\t\t<\/div>\r\n\t\t<div class=\"service-box-background\"><\/div>\r\n\t\t\t\t  <a href=\"https:\/\/offshorepanama.com\/es\/atencion-al-cliente-privado\/sucesion-y-planificacion-patrimonial\/\" class=\"link-overlay\"><\/a>\r\n\t\t  \t<\/div>\t\t\r\n\t\r\n\r\n\r\n<!-- Style II -->\r\n\t         <\/div>\r\n         <\/div>   \r\n<\/div>\r\n<\/div>\t\t<\/div>\n\t\t\t\t<\/div>\n\t\t\t\t\t<\/div>\n\t\t<\/div>\n\t\t\t\t\t\t\t<\/div>\n\t\t<\/section>\n\t\t\t\t<section class=\"elementor-section elementor-top-section elementor-element elementor-element-4789b956 elementor-section-boxed elementor-section-height-default elementor-section-height-default row-top\" data-id=\"4789b956\" data-element_type=\"section\">\n\t\t\t\t\t\t<div class=\"elementor-container elementor-column-gap-default\">\n\t\t\t\t\t<div class=\"elementor-column elementor-col-100 elementor-top-column elementor-element elementor-element-1d42c73c column-style-top\" data-id=\"1d42c73c\" data-element_type=\"column\">\n\t\t\t<div class=\"elementor-widget-wrap elementor-element-populated\">\n\t\t\t\t\t\t\t\t<div class=\"elementor-element elementor-element-589f3b0 elementor-widget elementor-widget-text-editor\" data-id=\"589f3b0\" data-element_type=\"widget\" data-widget_type=\"text-editor.default\">\n\t\t\t\t<div class=\"elementor-widget-container\">\n\t\t\t<style>\/*! elementor - v3.15.0 - 20-08-2023 *\/\n.elementor-widget-text-editor.elementor-drop-cap-view-stacked .elementor-drop-cap{background-color:#69727d;color:#fff}.elementor-widget-text-editor.elementor-drop-cap-view-framed .elementor-drop-cap{color:#69727d;border:3px solid;background-color:transparent}.elementor-widget-text-editor:not(.elementor-drop-cap-view-default) .elementor-drop-cap{margin-top:8px}.elementor-widget-text-editor:not(.elementor-drop-cap-view-default) .elementor-drop-cap-letter{width:1em;height:1em}.elementor-widget-text-editor .elementor-drop-cap{float:left;text-align:center;line-height:1;font-size:50px}.elementor-widget-text-editor .elementor-drop-cap-letter{display:inline-block}<\/style>\t\t\t\t<p>Ver Tambi\u00e9n&#8230;<\/p>\t\t\t\t\t\t<\/div>\n\t\t\t\t<\/div>\n\t\t\t\t<div class=\"elementor-element elementor-element-3202d90d elementor-widget-divider--view-line elementor-widget elementor-widget-divider\" data-id=\"3202d90d\" data-element_type=\"widget\" data-widget_type=\"divider.default\">\n\t\t\t\t<div class=\"elementor-widget-container\">\n\t\t\t<style>\/*! elementor - v3.15.0 - 20-08-2023 *\/\n.elementor-widget-divider{--divider-border-style:none;--divider-border-width:1px;--divider-color:#0c0d0e;--divider-icon-size:20px;--divider-element-spacing:10px;--divider-pattern-height:24px;--divider-pattern-size:20px;--divider-pattern-url:none;--divider-pattern-repeat:repeat-x}.elementor-widget-divider .elementor-divider{display:flex}.elementor-widget-divider .elementor-divider__text{font-size:15px;line-height:1;max-width:95%}.elementor-widget-divider .elementor-divider__element{margin:0 var(--divider-element-spacing);flex-shrink:0}.elementor-widget-divider .elementor-icon{font-size:var(--divider-icon-size)}.elementor-widget-divider .elementor-divider-separator{display:flex;margin:0;direction:ltr}.elementor-widget-divider--view-line_icon .elementor-divider-separator,.elementor-widget-divider--view-line_text .elementor-divider-separator{align-items:center}.elementor-widget-divider--view-line_icon .elementor-divider-separator:after,.elementor-widget-divider--view-line_icon .elementor-divider-separator:before,.elementor-widget-divider--view-line_text .elementor-divider-separator:after,.elementor-widget-divider--view-line_text .elementor-divider-separator:before{display:block;content:\"\";border-bottom:0;flex-grow:1;border-top:var(--divider-border-width) var(--divider-border-style) var(--divider-color)}.elementor-widget-divider--element-align-left .elementor-divider .elementor-divider-separator>.elementor-divider__svg:first-of-type{flex-grow:0;flex-shrink:100}.elementor-widget-divider--element-align-left .elementor-divider-separator:before{content:none}.elementor-widget-divider--element-align-left .elementor-divider__element{margin-left:0}.elementor-widget-divider--element-align-right .elementor-divider .elementor-divider-separator>.elementor-divider__svg:last-of-type{flex-grow:0;flex-shrink:100}.elementor-widget-divider--element-align-right .elementor-divider-separator:after{content:none}.elementor-widget-divider--element-align-right .elementor-divider__element{margin-right:0}.elementor-widget-divider:not(.elementor-widget-divider--view-line_text):not(.elementor-widget-divider--view-line_icon) .elementor-divider-separator{border-top:var(--divider-border-width) var(--divider-border-style) var(--divider-color)}.elementor-widget-divider--separator-type-pattern{--divider-border-style:none}.elementor-widget-divider--separator-type-pattern.elementor-widget-divider--view-line .elementor-divider-separator,.elementor-widget-divider--separator-type-pattern:not(.elementor-widget-divider--view-line) .elementor-divider-separator:after,.elementor-widget-divider--separator-type-pattern:not(.elementor-widget-divider--view-line) .elementor-divider-separator:before,.elementor-widget-divider--separator-type-pattern:not([class*=elementor-widget-divider--view]) .elementor-divider-separator{width:100%;min-height:var(--divider-pattern-height);-webkit-mask-size:var(--divider-pattern-size) 100%;mask-size:var(--divider-pattern-size) 100%;-webkit-mask-repeat:var(--divider-pattern-repeat);mask-repeat:var(--divider-pattern-repeat);background-color:var(--divider-color);-webkit-mask-image:var(--divider-pattern-url);mask-image:var(--divider-pattern-url)}.elementor-widget-divider--no-spacing{--divider-pattern-size:auto}.elementor-widget-divider--bg-round{--divider-pattern-repeat:round}.rtl .elementor-widget-divider .elementor-divider__text{direction:rtl}.e-con-inner>.elementor-widget-divider,.e-con>.elementor-widget-divider{width:var(--container-widget-width,100%);--flex-grow:var(--container-widget-flex-grow)}<\/style>\t\t<div class=\"elementor-divider\">\n\t\t\t<span class=\"elementor-divider-separator\">\n\t\t\t\t\t\t<\/span>\n\t\t<\/div>\n\t\t\t\t<\/div>\n\t\t\t\t<\/div>\n\t\t\t\t<div class=\"elementor-element elementor-element-3344b214 elementor-icon-list--layout-traditional elementor-list-item-link-full_width elementor-widget elementor-widget-icon-list\" data-id=\"3344b214\" data-element_type=\"widget\" data-widget_type=\"icon-list.default\">\n\t\t\t\t<div class=\"elementor-widget-container\">\n\t\t\t<link rel=\"stylesheet\" href=\"https:\/\/offshorepanama.com\/wp-content\/plugins\/elementor\/assets\/css\/widget-icon-list.min.css\">\t\t<ul class=\"elementor-icon-list-items\">\n\t\t\t\t\t\t\t<li class=\"elementor-icon-list-item\">\n\t\t\t\t\t\t\t\t\t\t\t<a href=\"https:\/\/offshorepanama.com\/es\/atencion-al-cliente-privado\/servicios-legales\/\">\n\n\t\t\t\t\t\t\t\t\t\t\t\t<span class=\"elementor-icon-list-icon\">\n\t\t\t\t\t\t\t<i aria-hidden=\"true\" class=\"fas fa-dot-circle\"><\/i>\t\t\t\t\t\t<\/span>\n\t\t\t\t\t\t\t\t\t\t<span class=\"elementor-icon-list-text\">Servicios Legales<\/span>\n\t\t\t\t\t\t\t\t\t\t\t<\/a>\n\t\t\t\t\t\t\t\t\t<\/li>\n\t\t\t\t\t\t\t\t<li class=\"elementor-icon-list-item\">\n\t\t\t\t\t\t\t\t\t\t\t<a href=\"https:\/\/offshorepanama.com\/es\/atencion-al-cliente-privado\/inmigracion\/\">\n\n\t\t\t\t\t\t\t\t\t\t\t\t<span class=\"elementor-icon-list-icon\">\n\t\t\t\t\t\t\t<i aria-hidden=\"true\" class=\"fas fa-dot-circle\"><\/i>\t\t\t\t\t\t<\/span>\n\t\t\t\t\t\t\t\t\t\t<span class=\"elementor-icon-list-text\">Inmigraci\u00f3n<\/span>\n\t\t\t\t\t\t\t\t\t\t\t<\/a>\n\t\t\t\t\t\t\t\t\t<\/li>\n\t\t\t\t\t\t\t\t<li class=\"elementor-icon-list-item\">\n\t\t\t\t\t\t\t\t\t\t\t<a href=\"https:\/\/offshorepanama.com\/es\/atencion-al-cliente-privado\/sucesion-y-planificacion-patrimonial\/\">\n\n\t\t\t\t\t\t\t\t\t\t\t\t<span class=\"elementor-icon-list-icon\">\n\t\t\t\t\t\t\t<i aria-hidden=\"true\" class=\"fas fa-dot-circle\"><\/i>\t\t\t\t\t\t<\/span>\n\t\t\t\t\t\t\t\t\t\t<span class=\"elementor-icon-list-text\">Sucesi\u00f3n y Planificaci\u00f3n Patrimonial<\/span>\n\t\t\t\t\t\t\t\t\t\t\t<\/a>\n\t\t\t\t\t\t\t\t\t<\/li>\n\t\t\t\t\t\t<\/ul>\n\t\t\t\t<\/div>\n\t\t\t\t<\/div>\n\t\t\t\t\t<\/div>\n\t\t<\/div>\n\t\t\t\t\t\t\t<\/div>\n\t\t<\/section>\n\t\t\t\t\t\t\t<\/div>\n\t\t","protected":false},"excerpt":{"rendered":"<p>Servicios para Clientes Privados Servicios Legales En Offshore Management Corporate Services ofrecemos servicios legales vinculados a un amplio espectro de necesidades empresariales. Read more Inmigraci\u00f3n Brindamos servicios completos de inmigraci\u00f3n a inversionistas y jubilados en diferentes categor\u00edas Read more Sucesi\u00f3n y Planificaci\u00f3n Patrimonial Elaboraci\u00f3n de estructuras destinadas a la gesti\u00f3n del patrimonio familiar, que permitan [&hellip;]<\/p>\n","protected":false},"author":2,"featured_media":0,"parent":0,"menu_order":23,"comment_status":"closed","ping_status":"closed","template":"","meta":{"footnotes":""},"class_list":["post-3365","page","type-page","status-publish","hentry"],"_links":{"self":[{"href":"https:\/\/offshorepanama.com\/es\/wp-json\/wp\/v2\/pages\/3365","targetHints":{"allow":["GET"]}}],"collection":[{"href":"https:\/\/offshorepanama.com\/es\/wp-json\/wp\/v2\/pages"}],"about":[{"href":"https:\/\/offshorepanama.com\/es\/wp-json\/wp\/v2\/types\/page"}],"author":[{"embeddable":true,"href":"https:\/\/offshorepanama.com\/es\/wp-json\/wp\/v2\/users\/2"}],"replies":[{"embeddable":true,"href":"https:\/\/offshorepanama.com\/es\/wp-json\/wp\/v2\/comments?post=3365"}],"version-history":[{"count":22,"href":"https:\/\/offshorepanama.com\/es\/wp-json\/wp\/v2\/pages\/3365\/revisions"}],"predecessor-version":[{"id":4518,"href":"https:\/\/offshorepanama.com\/es\/wp-json\/wp\/v2\/pages\/3365\/revisions\/4518"}],"wp:attachment":[{"href":"https:\/\/offshorepanama.com\/es\/wp-json\/wp\/v2\/media?parent=3365"}],"curies":[{"name":"wp","href":"https:\/\/api.w.org\/{rel}","templated":true}]}}