{"id":3349,"date":"2022-10-26T03:08:40","date_gmt":"2022-10-26T08:08:40","guid":{"rendered":"https:\/\/offshorepanama.com\/servicios-corporativos\/asesoria-en-apertura-de-cuenta-bancaria\/fees\/"},"modified":"2023-03-18T07:01:48","modified_gmt":"2023-03-18T07:01:48","slug":"nuestras-tarifas","status":"publish","type":"page","link":"https:\/\/offshorepanama.com\/es\/servicios-corporativos\/acerca-de-la-apertura-de-una-cuenta-bancaria\/nuestras-tarifas\/","title":{"rendered":"Nuestras Tarifas"},"content":{"rendered":"\t\t<div data-elementor-type=\"wp-page\" data-elementor-id=\"3349\" class=\"elementor elementor-3349 elementor-1456\">\n\t\t\t\t\t\t\t\t\t<section class=\"elementor-section elementor-top-section elementor-element elementor-element-4a1e100 elementor-hidden-desktop elementor-section-boxed elementor-section-height-default elementor-section-height-default row-top\" data-id=\"4a1e100\" data-element_type=\"section\" data-settings=\"{&quot;background_background&quot;:&quot;classic&quot;}\">\n\t\t\t\t\t\t<div class=\"elementor-container elementor-column-gap-default\">\n\t\t\t\t\t<div class=\"elementor-column elementor-col-33 elementor-top-column elementor-element elementor-element-1da5064\" data-id=\"1da5064\" data-element_type=\"column\">\n\t\t\t<div class=\"elementor-widget-wrap\">\n\t\t\t\t\t\t\t\t\t<\/div>\n\t\t<\/div>\n\t\t\t\t<div class=\"elementor-column elementor-col-33 elementor-top-column elementor-element elementor-element-6e02d07\" data-id=\"6e02d07\" data-element_type=\"column\">\n\t\t\t<div class=\"elementor-widget-wrap elementor-element-populated\">\n\t\t\t\t\t\t\t\t<div class=\"elementor-element elementor-element-942483c elementor-hidden-desktop elementor-widget elementor-widget-sidebar\" data-id=\"942483c\" data-element_type=\"widget\" data-widget_type=\"sidebar.default\">\n\t\t\t\t<div class=\"elementor-widget-container\">\n\t\t\t<a href=\"https:\/\/offshorepanama.com\/es\/ordenar-empresa\/\"><img decoding=\"async\" width=\"148\" height=\"51\" src=\"https:\/\/offshorepanama.com\/wp-content\/uploads\/2020\/12\/button-corporate-web.png\" class=\"image wp-image-3212  attachment-full size-full\" alt=\"\" style=\"max-width: 100%; height: auto;\" \/><\/a>\t\t<\/div>\n\t\t\t\t<\/div>\n\t\t\t\t\t<\/div>\n\t\t<\/div>\n\t\t\t\t<div class=\"elementor-column elementor-col-33 elementor-top-column elementor-element elementor-element-248a5db\" data-id=\"248a5db\" data-element_type=\"column\">\n\t\t\t<div class=\"elementor-widget-wrap\">\n\t\t\t\t\t\t\t\t\t<\/div>\n\t\t<\/div>\n\t\t\t\t\t\t\t<\/div>\n\t\t<\/section>\n\t\t\t\t<section class=\"elementor-section elementor-top-section elementor-element elementor-element-19627bf elementor-section-boxed elementor-section-height-default elementor-section-height-default row-top\" data-id=\"19627bf\" data-element_type=\"section\">\n\t\t\t\t\t\t<div class=\"elementor-container elementor-column-gap-default\">\n\t\t\t\t\t<div class=\"elementor-column elementor-col-50 elementor-top-column elementor-element elementor-element-59ffb8d order-xl-1 order-lg-1 order-md-1 order-2 column-style-top\" data-id=\"59ffb8d\" data-element_type=\"column\">\n\t\t\t<div class=\"elementor-widget-wrap elementor-element-populated\">\n\t\t\t\t\t\t\t\t<div class=\"elementor-element elementor-element-d2a93b2 elementor-widget elementor-widget-gva-image-content\" data-id=\"d2a93b2\" data-element_type=\"widget\" data-widget_type=\"gva-image-content.default\">\n\t\t\t\t<div class=\"elementor-widget-container\">\n\t\t\t<div class=\"gva-element-gva-image-content gva-element\">\t\t\r\n\t  \r\n\t \r\n\t \r\n\r\n\t\r\n \r\n\r\n  \r\n\r\n  <div class=\"gsc-image-content skin-v6\">\r\n\t <div class=\"box-content\">\r\n\t \t<div class=\"content-inner\">\r\n\t\t\t\t\t\t\t<h2 class=\"title\">\r\n\t\t\t\t\t\t\t  <a href=\"https:\/\/offshorepanama.com\/es\/mas\/\">\r\n\t\t\t \u00bfNecesita ayuda?\t\t  <\/a>\r\n\t\t  \t\t\t\t<\/h2>\r\n\t\t\t\t\t\t<div class=\"desc\">Contacte a la oficina corporativa y lo conectaremos con un miembro del equipo que pueda ayudarlo.<\/div>\r\n\t\t\t\t\t\t  <div class=\"read-more\">\r\n\t\t\t\t \t\t  <a href=\"https:\/\/offshorepanama.com\/es\/mas\/\" class=\"btn-white\">\r\n\t\t\t <span>CONT\u00c1CTENOS<\/span>\t\t  <\/a>\r\n\t\t  \t\t\t  <\/div>\r\n\t\t\t\t\t<\/div>\r\n\t\t\t\t\t<span class=\"bg-image\" style=\"background-image:url('https:\/\/offshorepanama.com\/wp-content\/plugins\/kitecx-themer\/elementor\/assets\/images\/image-1.jpg')\"><\/span>\r\n\t\t\t <\/div>  \r\n  <\/div>\r\n \r\n\r\n <\/div>\t\t<\/div>\n\t\t\t\t<\/div>\n\t\t\t\t\t<\/div>\n\t\t<\/div>\n\t\t\t\t<div class=\"elementor-column elementor-col-50 elementor-top-column elementor-element elementor-element-30387f7 order-xl-2 order-lg-2 order-md-2 order-1 column-style-top\" data-id=\"30387f7\" data-element_type=\"column\">\n\t\t\t<div class=\"elementor-widget-wrap elementor-element-populated\">\n\t\t\t\t\t\t\t\t<div class=\"elementor-element elementor-element-fab7de3 elementor-widget elementor-widget-gva-slider-images\" data-id=\"fab7de3\" data-element_type=\"widget\" data-widget_type=\"gva-slider-images.default\">\n\t\t\t\t<div class=\"elementor-widget-container\">\n\t\t\t<div class=\"gva-element-gva-slider-images gva-element\"> \r\n\t<div class=\"gva-gallery-carousel\">\r\n\t\t<div class=\"init-carousel-owl owl-carousel slider-fade\" data-items=\"1\" data-items_lg=\"1\" data-items_md=\"1\" data-items_sm=\"1\" data-items_xs=\"1\" data-items_xx=\"1\" data-loop=\"1\" data-speed=\"800\" data-auto_play=\"1\" data-auto_play_speed=\"800\" data-auto_play_timeout=\"6000\" data-auto_play_hover=\"1\" data-navigation=\"0\" data-pagination=\"0\" data-mouse_drag=\"1\" data-touch_drag=\"1\">\r\n\t\t\t\t\t\t\t<div class=\"item\">\r\n\t\t\t\t\t<div class=\"gallery-item\">\r\n\t\t\t\t      \t\t\t\t         <div class=\"image\">\r\n\t\t\t\t            <img decoding=\"async\" src=\"https:\/\/offshorepanama.com\/wp-content\/uploads\/2022\/10\/bank-03.jpg\" alt=\"The New Future of architecture\" \/>  \r\n\t\t\t\t         <\/div>\r\n\t\t\t\t      \t\t\t\t   <\/div>\r\n\t\t\t\t<\/div>   \r\n\r\n\t\t\t\t\t\t\t<div class=\"item\">\r\n\t\t\t\t\t<div class=\"gallery-item\">\r\n\t\t\t\t      \t\t\t\t         <div class=\"image\">\r\n\t\t\t\t            <img decoding=\"async\" src=\"https:\/\/offshorepanama.com\/wp-content\/uploads\/2022\/10\/bank-04.jpg\" alt=\"The New Future of architecture\" \/>  \r\n\t\t\t\t         <\/div>\r\n\t\t\t\t      \t\t\t\t   <\/div>\r\n\t\t\t\t<\/div>   \r\n\r\n\t\t\t\t\t<\/div>\r\n\t<\/div>\r\n\r\n<\/div>\t\t<\/div>\n\t\t\t\t<\/div>\n\t\t\t\t\t<\/div>\n\t\t<\/div>\n\t\t\t\t\t\t\t<\/div>\n\t\t<\/section>\n\t\t\t\t<section class=\"elementor-section elementor-top-section elementor-element elementor-element-9040597 elementor-section-boxed elementor-section-height-default elementor-section-height-default row-top\" data-id=\"9040597\" data-element_type=\"section\">\n\t\t\t\t\t\t<div class=\"elementor-container elementor-column-gap-default\">\n\t\t\t\t\t<div class=\"elementor-column elementor-col-100 elementor-top-column elementor-element elementor-element-1e0b04b order-xl-2 order-lg-2 order-md-2 order-1 column-style-top\" data-id=\"1e0b04b\" data-element_type=\"column\">\n\t\t\t<div class=\"elementor-widget-wrap elementor-element-populated\">\n\t\t\t\t\t\t\t\t<div class=\"elementor-element elementor-element-2fe2af4 elementor-widget elementor-widget-gva-heading-block\" data-id=\"2fe2af4\" data-element_type=\"widget\" data-widget_type=\"gva-heading-block.default\">\n\t\t\t\t<div class=\"elementor-widget-container\">\n\t\t\t<div class=\"gva-element-gva-heading-block gva-element\">   <div class=\"align-left style-1 widget gsc-heading box-align-left auto-responsive\">\r\n      <div class=\"content-inner\">\r\n         \r\n                  \r\n           \r\n         \r\n                     <h2 class=\"title\">\r\n               <span>Tarifas<\/span>\r\n            <\/h2>\r\n                  \r\n         \r\n      <\/div>\r\n   <\/div>\r\n<\/div>\t\t<\/div>\n\t\t\t\t<\/div>\n\t\t\t\t\t<\/div>\n\t\t<\/div>\n\t\t\t\t\t\t\t<\/div>\n\t\t<\/section>\n\t\t\t\t<section class=\"elementor-section elementor-top-section elementor-element elementor-element-c79c2d3 elementor-section-boxed elementor-section-height-default elementor-section-height-default row-top\" data-id=\"c79c2d3\" data-element_type=\"section\">\n\t\t\t\t\t\t<div class=\"elementor-container elementor-column-gap-default\">\n\t\t\t\t\t<div class=\"elementor-column elementor-col-100 elementor-top-column elementor-element elementor-element-71fa138 order-xl-2 order-lg-2 order-md-2 order-1 column-style-top\" data-id=\"71fa138\" data-element_type=\"column\">\n\t\t\t<div class=\"elementor-widget-wrap elementor-element-populated\">\n\t\t\t\t\t\t\t\t<div class=\"elementor-element elementor-element-47200be elementor-widget elementor-widget-text-editor\" data-id=\"47200be\" data-element_type=\"widget\" data-widget_type=\"text-editor.default\">\n\t\t\t\t<div class=\"elementor-widget-container\">\n\t\t\t<style>\/*! elementor - v3.15.0 - 20-08-2023 *\/\n.elementor-widget-text-editor.elementor-drop-cap-view-stacked .elementor-drop-cap{background-color:#69727d;color:#fff}.elementor-widget-text-editor.elementor-drop-cap-view-framed .elementor-drop-cap{color:#69727d;border:3px solid;background-color:transparent}.elementor-widget-text-editor:not(.elementor-drop-cap-view-default) .elementor-drop-cap{margin-top:8px}.elementor-widget-text-editor:not(.elementor-drop-cap-view-default) .elementor-drop-cap-letter{width:1em;height:1em}.elementor-widget-text-editor .elementor-drop-cap{float:left;text-align:center;line-height:1;font-size:50px}.elementor-widget-text-editor .elementor-drop-cap-letter{display:inline-block}<\/style>\t\t\t\t<p>Las tarifas de consultor\u00eda de apertura de cuenta bancaria var\u00edan seg\u00fan el banco. Por favor ve a<a href=\"https:\/\/offshorepanama.com\/es\/ordenar-empresa\/\"><img decoding=\"async\" class=\"alignnone wp-image-1758 size-full\" style=\"vertical-align: middle;\" src=\"https:\/\/offshorepanama.com\/wp-content\/uploads\/2020\/12\/button-corporate-web.png\" alt=\"\" width=\"148\" height=\"51\" \/><\/a> y consulta las tarifas de cada banco.<\/p>\t\t\t\t\t\t<\/div>\n\t\t\t\t<\/div>\n\t\t\t\t\t<\/div>\n\t\t<\/div>\n\t\t\t\t\t\t\t<\/div>\n\t\t<\/section>\n\t\t\t\t<section class=\"elementor-section elementor-top-section elementor-element elementor-element-35cf29bb elementor-section-boxed elementor-section-height-default elementor-section-height-default row-top\" data-id=\"35cf29bb\" data-element_type=\"section\">\n\t\t\t\t\t\t<div class=\"elementor-container elementor-column-gap-default\">\n\t\t\t\t\t<div class=\"elementor-column elementor-col-100 elementor-top-column elementor-element elementor-element-5c21e50b column-style-top\" data-id=\"5c21e50b\" data-element_type=\"column\">\n\t\t\t<div class=\"elementor-widget-wrap elementor-element-populated\">\n\t\t\t\t\t\t\t\t<div class=\"elementor-element elementor-element-62953cc1 elementor-widget elementor-widget-text-editor\" data-id=\"62953cc1\" data-element_type=\"widget\" data-widget_type=\"text-editor.default\">\n\t\t\t\t<div class=\"elementor-widget-container\">\n\t\t\t\t\t\t\t<p>Ver Tambi\u00e9n&#8230;<\/p>\t\t\t\t\t\t<\/div>\n\t\t\t\t<\/div>\n\t\t\t\t<div class=\"elementor-element elementor-element-3cac732e elementor-widget-divider--view-line elementor-widget elementor-widget-divider\" data-id=\"3cac732e\" data-element_type=\"widget\" data-widget_type=\"divider.default\">\n\t\t\t\t<div class=\"elementor-widget-container\">\n\t\t\t<style>\/*! elementor - v3.15.0 - 20-08-2023 *\/\n.elementor-widget-divider{--divider-border-style:none;--divider-border-width:1px;--divider-color:#0c0d0e;--divider-icon-size:20px;--divider-element-spacing:10px;--divider-pattern-height:24px;--divider-pattern-size:20px;--divider-pattern-url:none;--divider-pattern-repeat:repeat-x}.elementor-widget-divider .elementor-divider{display:flex}.elementor-widget-divider .elementor-divider__text{font-size:15px;line-height:1;max-width:95%}.elementor-widget-divider .elementor-divider__element{margin:0 var(--divider-element-spacing);flex-shrink:0}.elementor-widget-divider .elementor-icon{font-size:var(--divider-icon-size)}.elementor-widget-divider .elementor-divider-separator{display:flex;margin:0;direction:ltr}.elementor-widget-divider--view-line_icon .elementor-divider-separator,.elementor-widget-divider--view-line_text .elementor-divider-separator{align-items:center}.elementor-widget-divider--view-line_icon .elementor-divider-separator:after,.elementor-widget-divider--view-line_icon .elementor-divider-separator:before,.elementor-widget-divider--view-line_text .elementor-divider-separator:after,.elementor-widget-divider--view-line_text .elementor-divider-separator:before{display:block;content:\"\";border-bottom:0;flex-grow:1;border-top:var(--divider-border-width) var(--divider-border-style) var(--divider-color)}.elementor-widget-divider--element-align-left .elementor-divider .elementor-divider-separator>.elementor-divider__svg:first-of-type{flex-grow:0;flex-shrink:100}.elementor-widget-divider--element-align-left .elementor-divider-separator:before{content:none}.elementor-widget-divider--element-align-left .elementor-divider__element{margin-left:0}.elementor-widget-divider--element-align-right .elementor-divider .elementor-divider-separator>.elementor-divider__svg:last-of-type{flex-grow:0;flex-shrink:100}.elementor-widget-divider--element-align-right .elementor-divider-separator:after{content:none}.elementor-widget-divider--element-align-right .elementor-divider__element{margin-right:0}.elementor-widget-divider:not(.elementor-widget-divider--view-line_text):not(.elementor-widget-divider--view-line_icon) .elementor-divider-separator{border-top:var(--divider-border-width) var(--divider-border-style) var(--divider-color)}.elementor-widget-divider--separator-type-pattern{--divider-border-style:none}.elementor-widget-divider--separator-type-pattern.elementor-widget-divider--view-line .elementor-divider-separator,.elementor-widget-divider--separator-type-pattern:not(.elementor-widget-divider--view-line) .elementor-divider-separator:after,.elementor-widget-divider--separator-type-pattern:not(.elementor-widget-divider--view-line) .elementor-divider-separator:before,.elementor-widget-divider--separator-type-pattern:not([class*=elementor-widget-divider--view]) .elementor-divider-separator{width:100%;min-height:var(--divider-pattern-height);-webkit-mask-size:var(--divider-pattern-size) 100%;mask-size:var(--divider-pattern-size) 100%;-webkit-mask-repeat:var(--divider-pattern-repeat);mask-repeat:var(--divider-pattern-repeat);background-color:var(--divider-color);-webkit-mask-image:var(--divider-pattern-url);mask-image:var(--divider-pattern-url)}.elementor-widget-divider--no-spacing{--divider-pattern-size:auto}.elementor-widget-divider--bg-round{--divider-pattern-repeat:round}.rtl .elementor-widget-divider .elementor-divider__text{direction:rtl}.e-con-inner>.elementor-widget-divider,.e-con>.elementor-widget-divider{width:var(--container-widget-width,100%);--flex-grow:var(--container-widget-flex-grow)}<\/style>\t\t<div class=\"elementor-divider\">\n\t\t\t<span class=\"elementor-divider-separator\">\n\t\t\t\t\t\t<\/span>\n\t\t<\/div>\n\t\t\t\t<\/div>\n\t\t\t\t<\/div>\n\t\t\t\t<div class=\"elementor-element elementor-element-453c8cd3 elementor-icon-list--layout-traditional elementor-list-item-link-full_width elementor-widget elementor-widget-icon-list\" data-id=\"453c8cd3\" data-element_type=\"widget\" data-widget_type=\"icon-list.default\">\n\t\t\t\t<div class=\"elementor-widget-container\">\n\t\t\t<link rel=\"stylesheet\" href=\"https:\/\/offshorepanama.com\/wp-content\/plugins\/elementor\/assets\/css\/widget-icon-list.min.css\">\t\t<ul class=\"elementor-icon-list-items\">\n\t\t\t\t\t\t\t<li class=\"elementor-icon-list-item\">\n\t\t\t\t\t\t\t\t\t\t\t<a href=\"https:\/\/offshorepanama.com\/es\/registro-de-una-sociedad-o-fundacion\/\">\n\n\t\t\t\t\t\t\t\t\t\t\t\t<span class=\"elementor-icon-list-icon\">\n\t\t\t\t\t\t\t<i aria-hidden=\"true\" class=\"fas fa-dot-circle\"><\/i>\t\t\t\t\t\t<\/span>\n\t\t\t\t\t\t\t\t\t\t<span class=\"elementor-icon-list-text\">Acerca de La Apertura de una Cuenta Bancaria<\/span>\n\t\t\t\t\t\t\t\t\t\t\t<\/a>\n\t\t\t\t\t\t\t\t\t<\/li>\n\t\t\t\t\t\t<\/ul>\n\t\t\t\t<\/div>\n\t\t\t\t<\/div>\n\t\t\t\t<div class=\"elementor-element elementor-element-770120f1 elementor-icon-list--layout-traditional elementor-list-item-link-full_width elementor-widget elementor-widget-icon-list\" data-id=\"770120f1\" data-element_type=\"widget\" data-widget_type=\"icon-list.default\">\n\t\t\t\t<div class=\"elementor-widget-container\">\n\t\t\t\t\t<ul class=\"elementor-icon-list-items\">\n\t\t\t\t\t\t\t<li class=\"elementor-icon-list-item\">\n\t\t\t\t\t\t\t\t\t\t\t<a href=\"https:\/\/offshorepanama.com\/es\/servicios-corporativos\/acerca-de-la-apertura-de-una-cuenta-bancaria\/como-abrir-una-cuenta-bancaria\/\">\n\n\t\t\t\t\t\t\t\t\t\t\t\t<span class=\"elementor-icon-list-icon\">\n\t\t\t\t\t\t\t<i aria-hidden=\"true\" class=\"fas fa-dot-circle\"><\/i>\t\t\t\t\t\t<\/span>\n\t\t\t\t\t\t\t\t\t\t<span class=\"elementor-icon-list-text\">\u00bfC\u00f3mo Abrir una Cuenta Bancaria?<\/span>\n\t\t\t\t\t\t\t\t\t\t\t<\/a>\n\t\t\t\t\t\t\t\t\t<\/li>\n\t\t\t\t\t\t\t\t<li class=\"elementor-icon-list-item\">\n\t\t\t\t\t\t\t\t\t\t\t<a href=\"https:\/\/offshorepanama.com\/es\/servicios-corporativos\/acerca-de-la-apertura-de-una-cuenta-bancaria\/requisitos-para-apertura-de-cuenta\/\">\n\n\t\t\t\t\t\t\t\t\t\t\t\t<span class=\"elementor-icon-list-icon\">\n\t\t\t\t\t\t\t<i aria-hidden=\"true\" class=\"fas fa-dot-circle\"><\/i>\t\t\t\t\t\t<\/span>\n\t\t\t\t\t\t\t\t\t\t<span class=\"elementor-icon-list-text\">Requisitos para Apertura de Cuenta<\/span>\n\t\t\t\t\t\t\t\t\t\t\t<\/a>\n\t\t\t\t\t\t\t\t\t<\/li>\n\t\t\t\t\t\t\t\t<li class=\"elementor-icon-list-item\">\n\t\t\t\t\t\t\t\t\t\t\t<a href=\"https:\/\/offshorepanama.com\/es\/servicios-corporativos\/acerca-de-la-apertura-de-una-cuenta-bancaria\/preguntas-frecuentes-sobre-la-apertura-de-cuenta\/\">\n\n\t\t\t\t\t\t\t\t\t\t\t\t<span class=\"elementor-icon-list-icon\">\n\t\t\t\t\t\t\t<i aria-hidden=\"true\" class=\"fas fa-dot-circle\"><\/i>\t\t\t\t\t\t<\/span>\n\t\t\t\t\t\t\t\t\t\t<span class=\"elementor-icon-list-text\">Preguntas Frecuentes Sobre la Apertura de Cuenta<\/span>\n\t\t\t\t\t\t\t\t\t\t\t<\/a>\n\t\t\t\t\t\t\t\t\t<\/li>\n\t\t\t\t\t\t<\/ul>\n\t\t\t\t<\/div>\n\t\t\t\t<\/div>\n\t\t\t\t\t<\/div>\n\t\t<\/div>\n\t\t\t\t\t\t\t<\/div>\n\t\t<\/section>\n\t\t\t\t\t\t\t<\/div>\n\t\t","protected":false},"excerpt":{"rendered":"<p>\u00bfNecesita ayuda? Contacte a la oficina corporativa y lo conectaremos con un miembro del equipo que pueda ayudarlo. CONT\u00c1CTENOS Tarifas Las tarifas de consultor\u00eda de apertura de cuenta bancaria var\u00edan seg\u00fan el banco. Por favor ve a y consulta las tarifas de cada banco. Ver Tambi\u00e9n&#8230; Acerca de La Apertura de una Cuenta Bancaria \u00bfC\u00f3mo [&hellip;]<\/p>\n","protected":false},"author":2,"featured_media":0,"parent":3327,"menu_order":60,"comment_status":"closed","ping_status":"closed","template":"","meta":{"footnotes":""},"class_list":["post-3349","page","type-page","status-publish","hentry"],"_links":{"self":[{"href":"https:\/\/offshorepanama.com\/es\/wp-json\/wp\/v2\/pages\/3349","targetHints":{"allow":["GET"]}}],"collection":[{"href":"https:\/\/offshorepanama.com\/es\/wp-json\/wp\/v2\/pages"}],"about":[{"href":"https:\/\/offshorepanama.com\/es\/wp-json\/wp\/v2\/types\/page"}],"author":[{"embeddable":true,"href":"https:\/\/offshorepanama.com\/es\/wp-json\/wp\/v2\/users\/2"}],"replies":[{"embeddable":true,"href":"https:\/\/offshorepanama.com\/es\/wp-json\/wp\/v2\/comments?post=3349"}],"version-history":[{"count":19,"href":"https:\/\/offshorepanama.com\/es\/wp-json\/wp\/v2\/pages\/3349\/revisions"}],"predecessor-version":[{"id":4509,"href":"https:\/\/offshorepanama.com\/es\/wp-json\/wp\/v2\/pages\/3349\/revisions\/4509"}],"up":[{"embeddable":true,"href":"https:\/\/offshorepanama.com\/es\/wp-json\/wp\/v2\/pages\/3327"}],"wp:attachment":[{"href":"https:\/\/offshorepanama.com\/es\/wp-json\/wp\/v2\/media?parent=3349"}],"curies":[{"name":"wp","href":"https:\/\/api.w.org\/{rel}","templated":true}]}}